{"id":160,"date":"2024-08-12T17:06:37","date_gmt":"2024-08-12T15:06:37","guid":{"rendered":"http:\/\/cloture.distriuniverse.com\/?page_id=160"},"modified":"2025-05-07T17:15:11","modified_gmt":"2025-05-07T15:15:11","slug":"apropos","status":"publish","type":"page","link":"https:\/\/cloture.distriuniverse.com\/index.php\/apropos\/","title":{"rendered":"A propos"},"content":{"rendered":"\t\t<div data-elementor-type=\"wp-page\" data-elementor-id=\"160\" class=\"elementor elementor-160\">\n\t\t\t\t\t\t<section class=\"elementor-section elementor-top-section elementor-element elementor-element-f567f2e elementor-section-content-middle elementor-section-full_width elementor-section-stretched elementor-section-height-default elementor-section-height-default elementor-invisible\" data-id=\"f567f2e\" data-element_type=\"section\" data-settings=\"{&quot;background_background&quot;:&quot;classic&quot;,&quot;animation&quot;:&quot;fadeIn&quot;,&quot;stretch_section&quot;:&quot;section-stretched&quot;}\">\n\t\t\t\t\t\t\t<div class=\"elementor-background-overlay\"><\/div>\n\t\t\t\t\t\t\t<div class=\"elementor-container elementor-column-gap-no\">\n\t\t\t\t\t<div class=\"elementor-column elementor-col-100 elementor-top-column elementor-element elementor-element-fa6e420\" data-id=\"fa6e420\" data-element_type=\"column\">\n\t\t\t<div class=\"elementor-widget-wrap elementor-element-populated\">\n\t\t\t\t\t\t<div class=\"elementor-element elementor-element-dd66f7a elementor-invisible elementor-widget elementor-widget-heading\" data-id=\"dd66f7a\" data-element_type=\"widget\" data-settings=\"{&quot;_animation&quot;:&quot;fadeInDown&quot;,&quot;_animation_delay&quot;:400}\" data-widget_type=\"heading.default\">\n\t\t\t\t<div class=\"elementor-widget-container\">\n\t\t\t\t\t<h2 class=\"elementor-heading-title elementor-size-default\">Distriuniverse-cl\u00f4ture :<\/h2>\t\t\t\t<\/div>\n\t\t\t\t<\/div>\n\t\t\t\t<div class=\"elementor-element elementor-element-cfe6bdd elementor-invisible elementor-widget elementor-widget-heading\" data-id=\"cfe6bdd\" data-element_type=\"widget\" data-settings=\"{&quot;_animation&quot;:&quot;fadeInUp&quot;,&quot;_animation_delay&quot;:400}\" data-widget_type=\"heading.default\">\n\t\t\t\t<div class=\"elementor-widget-container\">\n\t\t\t\t\t<h1 class=\"elementor-heading-title elementor-size-default\">Votre R\u00e9f\u00e9rence en Cl\u00f4tures<\/h1>\t\t\t\t<\/div>\n\t\t\t\t<\/div>\n\t\t\t\t<div class=\"elementor-element elementor-element-0caa4e3 elementor-widget-divider--view-line elementor-invisible elementor-widget elementor-widget-divider\" data-id=\"0caa4e3\" data-element_type=\"widget\" data-settings=\"{&quot;_animation&quot;:&quot;fadeIn&quot;,&quot;_animation_delay&quot;:400}\" data-widget_type=\"divider.default\">\n\t\t\t\t<div class=\"elementor-widget-container\">\n\t\t\t\t\t\t\t<div class=\"elementor-divider\">\n\t\t\t<span class=\"elementor-divider-separator\">\n\t\t\t\t\t\t<\/span>\n\t\t<\/div>\n\t\t\t\t\t\t<\/div>\n\t\t\t\t<\/div>\n\t\t\t\t<div class=\"elementor-element elementor-element-66a65f4 elementor-invisible elementor-widget elementor-widget-text-editor\" data-id=\"66a65f4\" data-element_type=\"widget\" data-settings=\"{&quot;_animation&quot;:&quot;zoomIn&quot;,&quot;_animation_delay&quot;:400}\" data-widget_type=\"text-editor.default\">\n\t\t\t\t<div class=\"elementor-widget-container\">\n\t\t\t\t\t\t\t\t\t<p>D\u00e9couvrez notre expertise en solutions de cl\u00f4tures.<\/p>\t\t\t\t\t\t\t\t<\/div>\n\t\t\t\t<\/div>\n\t\t\t\t<div class=\"elementor-element elementor-element-b13075b elementor-widget-divider--view-line elementor-invisible elementor-widget elementor-widget-divider\" data-id=\"b13075b\" data-element_type=\"widget\" data-settings=\"{&quot;_animation&quot;:&quot;fadeIn&quot;,&quot;_animation_delay&quot;:400}\" data-widget_type=\"divider.default\">\n\t\t\t\t<div class=\"elementor-widget-container\">\n\t\t\t\t\t\t\t<div class=\"elementor-divider\">\n\t\t\t<span class=\"elementor-divider-separator\">\n\t\t\t\t\t\t<\/span>\n\t\t<\/div>\n\t\t\t\t\t\t<\/div>\n\t\t\t\t<\/div>\n\t\t\t\t\t<\/div>\n\t\t<\/div>\n\t\t\t\t\t<\/div>\n\t\t<\/section>\n\t\t\t\t<section class=\"elementor-section elementor-top-section elementor-element elementor-element-1b9cb0a elementor-section-content-middle elementor-reverse-mobile elementor-section-boxed elementor-section-height-default elementor-section-height-default\" data-id=\"1b9cb0a\" data-element_type=\"section\" data-settings=\"{&quot;background_background&quot;:&quot;classic&quot;}\">\n\t\t\t\t\t\t\t<div class=\"elementor-background-overlay\"><\/div>\n\t\t\t\t\t\t\t<div class=\"elementor-container elementor-column-gap-default\">\n\t\t\t\t\t<div class=\"elementor-column elementor-col-100 elementor-top-column elementor-element elementor-element-056594e\" data-id=\"056594e\" data-element_type=\"column\" data-settings=\"{&quot;background_background&quot;:&quot;classic&quot;}\">\n\t\t\t<div class=\"elementor-widget-wrap elementor-element-populated\">\n\t\t\t\t\t\t<section class=\"elementor-section elementor-inner-section elementor-element elementor-element-3823464 elementor-section-boxed elementor-section-height-default elementor-section-height-default\" data-id=\"3823464\" data-element_type=\"section\" data-settings=\"{&quot;background_background&quot;:&quot;gradient&quot;}\">\n\t\t\t\t\t\t<div class=\"elementor-container elementor-column-gap-default\">\n\t\t\t\t\t<div class=\"elementor-column elementor-col-100 elementor-inner-column elementor-element elementor-element-597b4ac\" data-id=\"597b4ac\" data-element_type=\"column\">\n\t\t\t<div class=\"elementor-widget-wrap elementor-element-populated\">\n\t\t\t\t\t\t<div class=\"elementor-element elementor-element-fe00f13 animated-fast elementor-invisible elementor-widget elementor-widget-heading\" data-id=\"fe00f13\" data-element_type=\"widget\" data-settings=\"{&quot;_animation&quot;:&quot;fadeInUp&quot;}\" data-widget_type=\"heading.default\">\n\t\t\t\t<div class=\"elementor-widget-container\">\n\t\t\t\t\t<h2 class=\"elementor-heading-title elementor-size-default\">Distriuniverse-cl\u00f4ture :<\/h2>\t\t\t\t<\/div>\n\t\t\t\t<\/div>\n\t\t\t\t<div class=\"elementor-element elementor-element-fe9e20b animated-fast elementor-invisible elementor-widget elementor-widget-heading\" data-id=\"fe9e20b\" data-element_type=\"widget\" data-settings=\"{&quot;_animation&quot;:&quot;fadeInUp&quot;}\" data-widget_type=\"heading.default\">\n\t\t\t\t<div class=\"elementor-widget-container\">\n\t\t\t\t\t<h2 class=\"elementor-heading-title elementor-size-default\">D\u00e9limiter vos espaces avec excellence<\/h2>\t\t\t\t<\/div>\n\t\t\t\t<\/div>\n\t\t\t\t<div class=\"elementor-element elementor-element-4e24b82 elementor-invisible elementor-widget elementor-widget-text-editor\" data-id=\"4e24b82\" data-element_type=\"widget\" data-settings=\"{&quot;_animation&quot;:&quot;fadeIn&quot;}\" data-widget_type=\"text-editor.default\">\n\t\t\t\t<div class=\"elementor-widget-container\">\n\t\t\t\t\t\t\t\t\t<p><strong>DISTRIUNIVERSE-CL\u00d4TURE<\/strong> <span style=\"font-size: 14.4px; font-style: inherit; font-weight: inherit; background-color: transparent;\">est aujourd&rsquo;hui un leader incontest\u00e9 du secteur, <\/span><span style=\"font-size: 14.4px; font-style: inherit; font-weight: inherit; background-color: transparent;\">fabriquant et distributeur des cl\u00f4tures rigides avec une expertise&nbsp;<\/span><span style=\"font-size: 14.4px; font-style: inherit; font-weight: inherit; background-color: transparent;\">reconnue \u00e0 l&rsquo;international.<\/span><\/p>\n<p><span style=\"font-size: 14.4px; font-style: inherit; font-weight: inherit; background-color: transparent;\">Nous sommes \u00e0 votre service pour d\u00e9limiter vos fronti\u00e8res et s\u00e9curiser&nbsp;<\/span><span style=\"font-size: 14.4px; font-style: inherit; font-weight: inherit; background-color: transparent;\">vos espaces gr\u00e2ce \u00e0 notre vaste gamme de produits. Parmi ceux-ci,&nbsp;<\/span><span style=\"font-size: 14.4px; font-style: inherit; font-weight: inherit; background-color: transparent;\">vous trouverez des panneaux de cl\u00f4ture 3D, des Poteaux \u00e0 encoches et des poteaux rectangulaires pour une int\u00e9gration harmonieuse. <\/span><span style=\"font-size: 14.4px; font-style: inherit; font-weight: inherit; background-color: transparent;\">Notre entreprise ne cesse de cro\u00eetre et d&rsquo;innover chaque jour avec d\u00e9termination et confiance. Nous nous effor\u00e7ons constamment d&rsquo;am\u00e9liorer nos produits et nos services pour r\u00e9pondre aux attentes de nos clients les plus exigeants.<\/span><\/p>\n<p><span style=\"font-size: 14.4px; font-style: inherit; font-weight: inherit; background-color: transparent;\">En tant que <\/span><strong>DISTRIUNIVERSE-CL\u00d4TURE <\/strong><span style=\"font-size: 14.4px; font-style: inherit; font-weight: inherit; background-color: transparent;\">, nous sommes fiers de maintenir notre position de leader dans notre domaine gr\u00e2ce \u00e0 notre engagement envers la qualit\u00e9 de nos produits et la satisfaction de nos clients.<\/span><\/p>\t\t\t\t\t\t\t\t<\/div>\n\t\t\t\t<\/div>\n\t\t\t\t<div class=\"elementor-element elementor-element-46db575 elementor-align-left elementor-mobile-align-center elementor-widget elementor-widget-button\" data-id=\"46db575\" data-element_type=\"widget\" data-widget_type=\"button.default\">\n\t\t\t\t<div class=\"elementor-widget-container\">\n\t\t\t\t\t\t\t\t\t<div class=\"elementor-button-wrapper\">\n\t\t\t\t\t<a class=\"elementor-button elementor-button-link elementor-size-sm elementor-animation-float\" href=\"https:\/\/cloture.distriuniverse.com\/index.php\/contact\/\">\n\t\t\t\t\t\t<span class=\"elementor-button-content-wrapper\">\n\t\t\t\t\t\t\t\t\t<span class=\"elementor-button-text\">Contactez-nous<\/span>\n\t\t\t\t\t<\/span>\n\t\t\t\t\t<\/a>\n\t\t\t\t<\/div>\n\t\t\t\t\t\t\t\t<\/div>\n\t\t\t\t<\/div>\n\t\t\t\t\t<\/div>\n\t\t<\/div>\n\t\t\t\t\t<\/div>\n\t\t<\/section>\n\t\t\t\t\t<\/div>\n\t\t<\/div>\n\t\t\t\t\t<\/div>\n\t\t<\/section>\n\t\t\t\t<section class=\"elementor-section elementor-top-section elementor-element elementor-element-31b36ba9 elementor-section-content-middle elementor-reverse-mobile elementor-section-boxed elementor-section-height-default elementor-section-height-default\" data-id=\"31b36ba9\" data-element_type=\"section\" data-settings=\"{&quot;background_background&quot;:&quot;classic&quot;}\">\n\t\t\t\t\t\t\t<div class=\"elementor-background-overlay\"><\/div>\n\t\t\t\t\t\t\t<div class=\"elementor-container elementor-column-gap-default\">\n\t\t\t\t\t<div class=\"elementor-column elementor-col-100 elementor-top-column elementor-element elementor-element-5d3cc79c\" data-id=\"5d3cc79c\" data-element_type=\"column\">\n\t\t\t<div class=\"elementor-widget-wrap elementor-element-populated\">\n\t\t\t\t\t\t<div class=\"elementor-element elementor-element-4e5153c elementor-invisible elementor-widget elementor-widget-heading\" data-id=\"4e5153c\" data-element_type=\"widget\" data-settings=\"{&quot;_animation&quot;:&quot;fadeInDown&quot;,&quot;_animation_delay&quot;:400}\" data-widget_type=\"heading.default\">\n\t\t\t\t<div class=\"elementor-widget-container\">\n\t\t\t\t\t<h2 class=\"elementor-heading-title elementor-size-default\">Distriuniverse-cl\u00f4ture :<\/h2>\t\t\t\t<\/div>\n\t\t\t\t<\/div>\n\t\t\t\t<div class=\"elementor-element elementor-element-e8dd2b4 animated-fast elementor-invisible elementor-widget elementor-widget-heading\" data-id=\"e8dd2b4\" data-element_type=\"widget\" data-settings=\"{&quot;_animation&quot;:&quot;fadeInUp&quot;}\" data-widget_type=\"heading.default\">\n\t\t\t\t<div class=\"elementor-widget-container\">\n\t\t\t\t\t<h2 class=\"elementor-heading-title elementor-size-default\">Des Valeurs Solides, Un Engagement Durable<\/h2>\t\t\t\t<\/div>\n\t\t\t\t<\/div>\n\t\t\t\t<section class=\"elementor-section elementor-top-section elementor-element elementor-element-7164f081 elementor-section-content-top elementor-section-full_width elementor-section-height-default elementor-section-height-default\" data-id=\"7164f081\" data-element_type=\"section\">\n\t\t\t\t\t\t<div class=\"elementor-container elementor-column-gap-extended\">\n\t\t\t\t\t<div class=\"elementor-column elementor-col-33 elementor-top-column elementor-element elementor-element-57eb82e8 animated-fast elementor-invisible\" data-id=\"57eb82e8\" data-element_type=\"column\" data-settings=\"{&quot;animation&quot;:&quot;fadeInUp&quot;}\">\n\t\t\t<div class=\"elementor-widget-wrap elementor-element-populated\">\n\t\t\t\t\t\t<div class=\"elementor-element elementor-element-8f3feab elementor-widget elementor-widget-image\" data-id=\"8f3feab\" data-element_type=\"widget\" data-widget_type=\"image.default\">\n\t\t\t\t<div class=\"elementor-widget-container\">\n\t\t\t\t\t\t\t\t\t\t\t\t\t\t\t<img decoding=\"async\" src=\"https:\/\/cloture.distriuniverse.com\/wp-content\/uploads\/2024\/08\/qualite.jpg\" title=\"qualit\u00e9\" alt=\"qualit\u00e9\" loading=\"lazy\" \/>\t\t\t\t\t\t\t\t\t\t\t\t\t\t\t<\/div>\n\t\t\t\t<\/div>\n\t\t\t\t<div class=\"elementor-element elementor-element-33b40148 elementor-widget elementor-widget-heading\" data-id=\"33b40148\" data-element_type=\"widget\" data-widget_type=\"heading.default\">\n\t\t\t\t<div class=\"elementor-widget-container\">\n\t\t\t\t\t<h2 class=\"elementor-heading-title elementor-size-default\">Qualit\u00e9<\/h2>\t\t\t\t<\/div>\n\t\t\t\t<\/div>\n\t\t\t\t<div class=\"elementor-element elementor-element-67dfab20 elementor-widget elementor-widget-text-editor\" data-id=\"67dfab20\" data-element_type=\"widget\" data-widget_type=\"text-editor.default\">\n\t\t\t\t<div class=\"elementor-widget-container\">\n\t\t\t\t\t\t\t\t\t<p>Nos cl\u00f4tures en 3D,&nbsp; poteaux \u00e0 <span style=\"font-size: 14.4px; font-style: inherit; font-weight: inherit; background-color: transparent;\">encoches <\/span> et&nbsp; rectangulaires sont fabriqu\u00e9s avec des mat\u00e9riaux de premi\u00e8re qualit\u00e9, notamment de l&rsquo;acier galvanis\u00e9 thermolaqu\u00e9, garantissant une robustesse et une long\u00e9vit\u00e9 optimales. Chaque produit est soigneusement test\u00e9 et inspect\u00e9 pour s&rsquo;assurer qu&rsquo;il r\u00e9pond \u00e0 nos normes strictes avant de quitter notre usine. Ces produits offrent des garanties de solidit\u00e9 et de long\u00e9vit\u00e9, et sont adapt\u00e9s \u00e0 toutes sortes d\u2019environnements, qu&rsquo;ils soient urbains, ruraux, r\u00e9sidentiels ou industriels.<\/p>\t\t\t\t\t\t\t\t<\/div>\n\t\t\t\t<\/div>\n\t\t\t\t\t<\/div>\n\t\t<\/div>\n\t\t\t\t<div class=\"elementor-column elementor-col-33 elementor-top-column elementor-element elementor-element-1859fc9d animated-fast elementor-invisible\" data-id=\"1859fc9d\" data-element_type=\"column\" data-settings=\"{&quot;animation&quot;:&quot;fadeInUp&quot;,&quot;animation_delay&quot;:300}\">\n\t\t\t<div class=\"elementor-widget-wrap elementor-element-populated\">\n\t\t\t\t\t\t<div class=\"elementor-element elementor-element-9049a8e elementor-widget elementor-widget-image\" data-id=\"9049a8e\" data-element_type=\"widget\" data-widget_type=\"image.default\">\n\t\t\t\t<div class=\"elementor-widget-container\">\n\t\t\t\t\t\t\t\t\t\t\t\t\t\t\t<img decoding=\"async\" src=\"https:\/\/cloture.distriuniverse.com\/wp-content\/uploads\/2024\/08\/77.jpg\" title=\"77\" alt=\"77\" loading=\"lazy\" \/>\t\t\t\t\t\t\t\t\t\t\t\t\t\t\t<\/div>\n\t\t\t\t<\/div>\n\t\t\t\t<div class=\"elementor-element elementor-element-3e7be366 elementor-widget elementor-widget-heading\" data-id=\"3e7be366\" data-element_type=\"widget\" data-widget_type=\"heading.default\">\n\t\t\t\t<div class=\"elementor-widget-container\">\n\t\t\t\t\t<h2 class=\"elementor-heading-title elementor-size-default\">Durabilit\u00e9<\/h2>\t\t\t\t<\/div>\n\t\t\t\t<\/div>\n\t\t\t\t<div class=\"elementor-element elementor-element-14e54ada elementor-widget elementor-widget-text-editor\" data-id=\"14e54ada\" data-element_type=\"widget\" data-widget_type=\"text-editor.default\">\n\t\t\t\t<div class=\"elementor-widget-container\">\n\t\t\t\t\t\t\t\t\t<p>La durabilit\u00e9 est au c\u0153ur de notre processus de production. Nous nous effor\u00e7ons de concevoir des produits qui non seulement r\u00e9sistent \u00e0 l&rsquo;\u00e9preuve du temps, mais qui contribuent \u00e9galement \u00e0 la protection de l&rsquo;environnement. Nos cl\u00f4tures et poteaux, fabriqu\u00e9s en acier galvanis\u00e9 thermolaqu\u00e9, offrent des garanties de solidit\u00e9 et de long\u00e9vit\u00e9. Ils sont con\u00e7us pour minimiser l&rsquo;impact environnemental tout en offrant une performance durable et fiable.<\/p>\t\t\t\t\t\t\t\t<\/div>\n\t\t\t\t<\/div>\n\t\t\t\t\t<\/div>\n\t\t<\/div>\n\t\t\t\t<div class=\"elementor-column elementor-col-33 elementor-top-column elementor-element elementor-element-5c91eb6f animated-fast elementor-invisible\" data-id=\"5c91eb6f\" data-element_type=\"column\" data-settings=\"{&quot;animation&quot;:&quot;fadeInUp&quot;,&quot;animation_delay&quot;:600}\">\n\t\t\t<div class=\"elementor-widget-wrap elementor-element-populated\">\n\t\t\t\t\t\t<div class=\"elementor-element elementor-element-51a87d1 elementor-widget elementor-widget-image\" data-id=\"51a87d1\" data-element_type=\"widget\" data-widget_type=\"image.default\">\n\t\t\t\t<div class=\"elementor-widget-container\">\n\t\t\t\t\t\t\t\t\t\t\t\t\t\t\t<img decoding=\"async\" src=\"https:\/\/cloture.distriuniverse.com\/wp-content\/uploads\/2024\/08\/55.jpg\" title=\"55\" alt=\"55\" loading=\"lazy\" \/>\t\t\t\t\t\t\t\t\t\t\t\t\t\t\t<\/div>\n\t\t\t\t<\/div>\n\t\t\t\t<div class=\"elementor-element elementor-element-3007ce7d elementor-widget elementor-widget-heading\" data-id=\"3007ce7d\" data-element_type=\"widget\" data-widget_type=\"heading.default\">\n\t\t\t\t<div class=\"elementor-widget-container\">\n\t\t\t\t\t<h2 class=\"elementor-heading-title elementor-size-default\">Innovation<\/h2>\t\t\t\t<\/div>\n\t\t\t\t<\/div>\n\t\t\t\t<div class=\"elementor-element elementor-element-619a17d3 elementor-widget elementor-widget-text-editor\" data-id=\"619a17d3\" data-element_type=\"widget\" data-widget_type=\"text-editor.default\">\n\t\t\t\t<div class=\"elementor-widget-container\">\n\t\t\t\t\t\t\t\t\t<div class=\"flex max-w-full flex-col flex-grow\"><div class=\"min-h-[20px] text-message flex w-full flex-col items-end gap-2 whitespace-pre-wrap break-words [.text-message+&amp;]:mt-5 overflow-x-auto\" dir=\"auto\" data-message-author-role=\"assistant\" data-message-id=\"fc250bc4-7be8-449f-af18-59c677da51aa\"><div class=\"flex w-full flex-col gap-1 empty:hidden first:pt-[3px]\"><div class=\"markdown prose w-full break-words dark:prose-invert light\"><p>Nous croyons en l&rsquo;importance de l&rsquo;innovation continue pour r\u00e9pondre aux besoins \u00e9volutifs de nos clients. Nous investissons dans la recherche et le d\u00e9veloppement pour am\u00e9liorer constamment nos produits et nos processus, en int\u00e9grant les derni\u00e8res technologies et les meilleures pratiques de l&rsquo;industrie, tout en visant \u00e0 surpasser les attentes et \u00e0 offrir des solutions qui assurent une satisfaction durable et exceptionnelle.<\/p><\/div><\/div><\/div><\/div>\t\t\t\t\t\t\t\t<\/div>\n\t\t\t\t<\/div>\n\t\t\t\t\t<\/div>\n\t\t<\/div>\n\t\t\t\t\t<\/div>\n\t\t<\/section>\n\t\t\t\t\t<\/div>\n\t\t<\/div>\n\t\t\t\t\t<\/div>\n\t\t<\/section>\n\t\t<div class=\"elementor-element elementor-element-6fdd870 e-flex e-con-boxed e-con e-parent\" data-id=\"6fdd870\" data-element_type=\"container\">\n\t\t\t\t\t<div class=\"e-con-inner\">\n\t\t<div class=\"elementor-element elementor-element-0dedaf8 e-con-full e-flex e-con e-child\" data-id=\"0dedaf8\" data-element_type=\"container\">\n\t\t\t\t<div class=\"elementor-element elementor-element-f953ac4 elementor-align-center elementor-mobile-align-center elementor-widget elementor-widget-button\" data-id=\"f953ac4\" data-element_type=\"widget\" data-widget_type=\"button.default\">\n\t\t\t\t<div class=\"elementor-widget-container\">\n\t\t\t\t\t\t\t\t\t<div class=\"elementor-button-wrapper\">\n\t\t\t\t\t<a class=\"elementor-button elementor-button-link elementor-size-sm elementor-animation-float\" href=\"https:\/\/cloture.distriuniverse.com\/index.php\/contact\/\">\n\t\t\t\t\t\t<span class=\"elementor-button-content-wrapper\">\n\t\t\t\t\t\t\t\t\t<span class=\"elementor-button-text\">Contactez-nous<\/span>\n\t\t\t\t\t<\/span>\n\t\t\t\t\t<\/a>\n\t\t\t\t<\/div>\n\t\t\t\t\t\t\t\t<\/div>\n\t\t\t\t<\/div>\n\t\t\t\t<\/div>\n\t\t\t\t\t<\/div>\n\t\t\t\t<\/div>\n\t\t\t\t<\/div>\n\t\t","protected":false},"excerpt":{"rendered":"<p>Distriuniverse-cl\u00f4ture : Votre R\u00e9f\u00e9rence en Cl\u00f4tures D\u00e9couvrez notre expertise en solutions de cl\u00f4tures. Distriuniverse-cl\u00f4ture : D\u00e9limiter vos espaces avec excellence [&hellip;]<\/p>\n","protected":false},"author":1,"featured_media":0,"parent":0,"menu_order":0,"comment_status":"closed","ping_status":"closed","template":"","meta":{"inline_featured_image":false,"site-sidebar-layout":"no-sidebar","site-content-layout":"","ast-site-content-layout":"full-width-container","site-content-style":"default","site-sidebar-style":"default","ast-global-header-display":"","ast-banner-title-visibility":"","ast-main-header-display":"","ast-hfb-above-header-display":"","ast-hfb-below-header-display":"","ast-hfb-mobile-header-display":"","site-post-title":"disabled","ast-breadcrumbs-content":"","ast-featured-img":"disabled","footer-sml-layout":"","theme-transparent-header-meta":"","adv-header-id-meta":"","stick-header-meta":"","header-above-stick-meta":"","header-main-stick-meta":"","header-below-stick-meta":"","astra-migrate-meta-layouts":"default","ast-page-background-enabled":"default","ast-page-background-meta":{"desktop":{"background-color":"var(--ast-global-color-4)","background-image":"","background-repeat":"repeat","background-position":"center center","background-size":"auto","background-attachment":"scroll","background-type":"","background-media":"","overlay-type":"","overlay-color":"","overlay-opacity":"","overlay-gradient":""},"tablet":{"background-color":"","background-image":"","background-repeat":"repeat","background-position":"center center","background-size":"auto","background-attachment":"scroll","background-type":"","background-media":"","overlay-type":"","overlay-color":"","overlay-opacity":"","overlay-gradient":""},"mobile":{"background-color":"","background-image":"","background-repeat":"repeat","background-position":"center center","background-size":"auto","background-attachment":"scroll","background-type":"","background-media":"","overlay-type":"","overlay-color":"","overlay-opacity":"","overlay-gradient":""}},"ast-content-background-meta":{"desktop":{"background-color":"var(--ast-global-color-5)","background-image":"","background-repeat":"repeat","background-position":"center center","background-size":"auto","background-attachment":"scroll","background-type":"","background-media":"","overlay-type":"","overlay-color":"","overlay-opacity":"","overlay-gradient":""},"tablet":{"background-color":"var(--ast-global-color-5)","background-image":"","background-repeat":"repeat","background-position":"center center","background-size":"auto","background-attachment":"scroll","background-type":"","background-media":"","overlay-type":"","overlay-color":"","overlay-opacity":"","overlay-gradient":""},"mobile":{"background-color":"var(--ast-global-color-5)","background-image":"","background-repeat":"repeat","background-position":"center center","background-size":"auto","background-attachment":"scroll","background-type":"","background-media":"","overlay-type":"","overlay-color":"","overlay-opacity":"","overlay-gradient":""}},"footnotes":""},"class_list":["post-160","page","type-page","status-publish","hentry"],"_links":{"self":[{"href":"https:\/\/cloture.distriuniverse.com\/index.php\/wp-json\/wp\/v2\/pages\/160","targetHints":{"allow":["GET"]}}],"collection":[{"href":"https:\/\/cloture.distriuniverse.com\/index.php\/wp-json\/wp\/v2\/pages"}],"about":[{"href":"https:\/\/cloture.distriuniverse.com\/index.php\/wp-json\/wp\/v2\/types\/page"}],"author":[{"embeddable":true,"href":"https:\/\/cloture.distriuniverse.com\/index.php\/wp-json\/wp\/v2\/users\/1"}],"replies":[{"embeddable":true,"href":"https:\/\/cloture.distriuniverse.com\/index.php\/wp-json\/wp\/v2\/comments?post=160"}],"version-history":[{"count":81,"href":"https:\/\/cloture.distriuniverse.com\/index.php\/wp-json\/wp\/v2\/pages\/160\/revisions"}],"predecessor-version":[{"id":1222,"href":"https:\/\/cloture.distriuniverse.com\/index.php\/wp-json\/wp\/v2\/pages\/160\/revisions\/1222"}],"wp:attachment":[{"href":"https:\/\/cloture.distriuniverse.com\/index.php\/wp-json\/wp\/v2\/media?parent=160"}],"curies":[{"name":"wp","href":"https:\/\/api.w.org\/{rel}","templated":true}]}}